{"id":3,"date":"2019-07-16T03:33:09","date_gmt":"2019-07-16T03:33:09","guid":{"rendered":"https:\/\/kinderparadise.hu\/?page_id=3"},"modified":"2025-06-07T07:18:51","modified_gmt":"2025-06-07T07:18:51","slug":"privacy-policy-2","status":"publish","type":"page","link":"https:\/\/kinderparadise.hu\/en\/privacy-policy-2\/","title":{"rendered":"Privacy Policy"},"content":{"rendered":"<div data-elementor-type=\"wp-post\" data-elementor-id=\"3\" class=\"elementor elementor-3\" data-elementor-post-type=\"page\">\n\t\t\t\t\t\t<section class=\"elementor-section elementor-top-section elementor-element elementor-element-5f9360f3 elementor-section-full_width elementor-section-height-default elementor-section-height-default\" data-id=\"5f9360f3\" data-element_type=\"section\" data-settings=\"{&quot;background_background&quot;:&quot;classic&quot;}\">\n\t\t\t\t\t\t<div class=\"elementor-container elementor-column-gap-default\">\n\t\t\t\t\t<div class=\"elementor-column elementor-col-100 elementor-top-column elementor-element elementor-element-1b8c5be\" data-id=\"1b8c5be\" data-element_type=\"column\" data-settings=\"{&quot;background_background&quot;:&quot;classic&quot;}\">\n\t\t\t<div class=\"elementor-widget-wrap elementor-element-populated\">\n\t\t\t\t\t\t<div class=\"elementor-element elementor-element-5f250ef3 elementor-widget elementor-widget-text-editor\" data-id=\"5f250ef3\" data-element_type=\"widget\" data-widget_type=\"text-editor.default\">\n\t\t\t\t<div class=\"elementor-widget-container\">\n\t\t\t\t\t\t\t\t\t<p data-pm-slice=\"1 1 []\"><strong>How we are<\/strong><\/p><p>Website: <a>https:\/\/kinderparadise.hu<\/a>.<br \/>Email: kinderparadise@kinderparadise.hu<\/p><p><strong>What personal data we collect and why<\/strong><\/p><p><strong>Comments<\/strong><\/p><p>When you leave a comment, we collect the information you provide in the comment form, your IP address and browser information to filter out unsolicited content.<\/p><p>An anonymous string (hash) generated from your email address can be passed to Gravatar for verification. You can find Gravatar's privacy policy here: <a href=\"https:\/\/automattic.com\/privacy\/\">https:\/\/automattic.com\/privacy\/<\/a>. After you approve a post, your profile picture will be publicly visible.<\/p><p><strong>Media<\/strong><\/p><p>Avoid uploading images that contain location data (EXIF GPS). These can be downloaded and extracted by other visitors.<\/p><p><strong>Cookies<\/strong><\/p><p>You can save your name, email address and website address in cookies when you post. These are valid for one year.<\/p><p>We place a temporary cookie on the login page to verify browser acceptance. This does not contain any personal data and will be deleted when you close it.<\/p><p>When you log in, cookies store your login details and display preferences. Login cookies are stored for 2 days and display settings for 1 year. If \"Remember me\" is selected, they are retained for two weeks.<\/p><p>When you edit an article, we store an additional cookie which expires after one day.<\/p><p><strong>Embedded content<\/strong><\/p><p>Embedded content (e.g. videos, images) behaves as if you were visiting the original website of the content, may collect data and may use cookies.<\/p><p><strong>Who we share your data with<\/strong><\/p><p>Comments can be checked via an automated spam checking service.<\/p><p><strong>How long we keep your data<\/strong><\/p><p>Comments and metadata are stored indefinitely.<\/p><p>Registered users can view, modify or delete their personal data at any time, except for their username. Administrators can also manage them.<\/p><p><strong>Your rights to data<\/strong><\/p><p>You can request the export or deletion of your data, except for data that must be kept for administrative, legal or security reasons.<\/p><p><strong>How we protect your data<\/strong><\/p><p>We take technical and organisational measures to ensure the security of your data.<\/p><p><strong>In case of data leakage<\/strong><\/p><p>In case of a data leak, the data subjects and authorities will be notified.<\/p><hr \/><p>\u00a0<\/p>\t\t\t\t\t\t\t\t<\/div>\n\t\t\t\t<\/div>\n\t\t\t\t\t<\/div>\n\t\t<\/div>\n\t\t\t\t\t<\/div>\n\t\t<\/section>\n\t\t\t\t<\/div>","protected":false},"excerpt":{"rendered":"<p>Kik vagyunk Weboldalunk c\u00edme: https:\/\/kinderparadise.hu.E-mail-c\u00edm: kinderparadise@kinderparadise.hu Milyen szem\u00e9lyes adatokat gy\u0171jt\u00fcnk \u00e9s mi\u00e9rt Hozz\u00e1sz\u00f3l\u00e1sok Amikor hozz\u00e1sz\u00f3l\u00e1st hagysz, begy\u0171jtj\u00fck a hozz\u00e1sz\u00f3l\u00e1s \u0171rlapon megadott adatokat, IP-c\u00edmedet \u00e9s b\u00f6ng\u00e9sz\u0151d adatait, hogy kisz\u0171rj\u00fck a k\u00e9retlen tartalmakat. Egy anonim karakterl\u00e1ncot (hash), amely az email c\u00edmedb\u0151l gener\u00e1l\u00f3dik, \u00e1tadhatunk a Gravatarnak ellen\u0151rz\u00e9s c\u00e9lj\u00e1b\u00f3l. A Gravatar adatv\u00e9delmi ir\u00e1nyelveit itt tal\u00e1lod: https:\/\/automattic.com\/privacy\/. Hozz\u00e1sz\u00f3l\u00e1s j\u00f3v\u00e1hagy\u00e1sa ut\u00e1n [&hellip;]<\/p>","protected":false},"author":1,"featured_media":0,"parent":0,"menu_order":0,"comment_status":"closed","ping_status":"open","template":"elementor_header_footer","meta":{"ocean_post_layout":"","ocean_both_sidebars_style":"","ocean_both_sidebars_content_width":0,"ocean_both_sidebars_sidebars_width":0,"ocean_sidebar":"0","ocean_second_sidebar":"0","ocean_disable_margins":"enable","ocean_add_body_class":"","ocean_shortcode_before_top_bar":"","ocean_shortcode_after_top_bar":"","ocean_shortcode_before_header":"","ocean_shortcode_after_header":"","ocean_has_shortcode":"","ocean_shortcode_after_title":"","ocean_shortcode_before_footer_widgets":"","ocean_shortcode_after_footer_widgets":"","ocean_shortcode_before_footer_bottom":"","ocean_shortcode_after_footer_bottom":"","ocean_display_top_bar":"default","ocean_display_header":"default","ocean_header_style":"","ocean_center_header_left_menu":"0","ocean_custom_header_template":"0","ocean_custom_logo":0,"ocean_custom_retina_logo":0,"ocean_custom_logo_max_width":0,"ocean_custom_logo_tablet_max_width":0,"ocean_custom_logo_mobile_max_width":0,"ocean_custom_logo_max_height":0,"ocean_custom_logo_tablet_max_height":0,"ocean_custom_logo_mobile_max_height":0,"ocean_header_custom_menu":"5","ocean_menu_typo_font_family":"0","ocean_menu_typo_font_subset":"","ocean_menu_typo_font_size":0,"ocean_menu_typo_font_size_tablet":0,"ocean_menu_typo_font_size_mobile":0,"ocean_menu_typo_font_size_unit":"px","ocean_menu_typo_font_weight":"","ocean_menu_typo_font_weight_tablet":"","ocean_menu_typo_font_weight_mobile":"","ocean_menu_typo_transform":"","ocean_menu_typo_transform_tablet":"","ocean_menu_typo_transform_mobile":"","ocean_menu_typo_line_height":0,"ocean_menu_typo_line_height_tablet":0,"ocean_menu_typo_line_height_mobile":0,"ocean_menu_typo_line_height_unit":"","ocean_menu_typo_spacing":0,"ocean_menu_typo_spacing_tablet":0,"ocean_menu_typo_spacing_mobile":0,"ocean_menu_typo_spacing_unit":"","ocean_menu_link_color":"","ocean_menu_link_color_hover":"","ocean_menu_link_color_active":"","ocean_menu_link_background":"","ocean_menu_link_hover_background":"","ocean_menu_link_active_background":"","ocean_menu_social_links_bg":"","ocean_menu_social_hover_links_bg":"","ocean_menu_social_links_color":"","ocean_menu_social_hover_links_color":"","ocean_disable_title":"default","ocean_disable_heading":"default","ocean_post_title":"","ocean_post_subheading":"","ocean_post_title_style":"","ocean_post_title_background_color":"","ocean_post_title_background":0,"ocean_post_title_bg_image_position":"","ocean_post_title_bg_image_attachment":"","ocean_post_title_bg_image_repeat":"","ocean_post_title_bg_image_size":"","ocean_post_title_height":0,"ocean_post_title_bg_overlay":0.5,"ocean_post_title_bg_overlay_color":"","ocean_disable_breadcrumbs":"default","ocean_breadcrumbs_color":"","ocean_breadcrumbs_separator_color":"","ocean_breadcrumbs_links_color":"","ocean_breadcrumbs_links_hover_color":"","ocean_display_footer_widgets":"default","ocean_display_footer_bottom":"default","ocean_custom_footer_template":"0","footnotes":""},"class_list":["post-3","page","type-page","status-publish","hentry","entry"],"aioseo_notices":[],"_links":{"self":[{"href":"https:\/\/kinderparadise.hu\/en\/wp-json\/wp\/v2\/pages\/3","targetHints":{"allow":["GET"]}}],"collection":[{"href":"https:\/\/kinderparadise.hu\/en\/wp-json\/wp\/v2\/pages"}],"about":[{"href":"https:\/\/kinderparadise.hu\/en\/wp-json\/wp\/v2\/types\/page"}],"author":[{"embeddable":true,"href":"https:\/\/kinderparadise.hu\/en\/wp-json\/wp\/v2\/users\/1"}],"replies":[{"embeddable":true,"href":"https:\/\/kinderparadise.hu\/en\/wp-json\/wp\/v2\/comments?post=3"}],"version-history":[{"count":17,"href":"https:\/\/kinderparadise.hu\/en\/wp-json\/wp\/v2\/pages\/3\/revisions"}],"predecessor-version":[{"id":499,"href":"https:\/\/kinderparadise.hu\/en\/wp-json\/wp\/v2\/pages\/3\/revisions\/499"}],"wp:attachment":[{"href":"https:\/\/kinderparadise.hu\/en\/wp-json\/wp\/v2\/media?parent=3"}],"curies":[{"name":"wp","href":"https:\/\/api.w.org\/{rel}","templated":true}]}}