{"id":3,"date":"2019-07-16T03:33:09","date_gmt":"2019-07-16T03:33:09","guid":{"rendered":"https:\/\/kinderparadise.hu\/?page_id=3"},"modified":"2025-06-07T07:18:51","modified_gmt":"2025-06-07T07:18:51","slug":"datenschutzbestimmungen","status":"publish","type":"page","link":"https:\/\/kinderparadise.hu\/de\/datenschutzbestimmungen\/","title":{"rendered":"Datenschutzbestimmungen"},"content":{"rendered":"<div data-elementor-type=\"wp-post\" data-elementor-id=\"3\" class=\"elementor elementor-3\" data-elementor-post-type=\"page\">\n\t\t\t\t\t\t<section class=\"elementor-section elementor-top-section elementor-element elementor-element-5f9360f3 elementor-section-full_width elementor-section-height-default elementor-section-height-default\" data-id=\"5f9360f3\" data-element_type=\"section\" data-settings=\"{&quot;background_background&quot;:&quot;classic&quot;}\">\n\t\t\t\t\t\t<div class=\"elementor-container elementor-column-gap-default\">\n\t\t\t\t\t<div class=\"elementor-column elementor-col-100 elementor-top-column elementor-element elementor-element-1b8c5be\" data-id=\"1b8c5be\" data-element_type=\"column\" data-settings=\"{&quot;background_background&quot;:&quot;classic&quot;}\">\n\t\t\t<div class=\"elementor-widget-wrap elementor-element-populated\">\n\t\t\t\t\t\t<div class=\"elementor-element elementor-element-5f250ef3 elementor-widget elementor-widget-text-editor\" data-id=\"5f250ef3\" data-element_type=\"widget\" data-widget_type=\"text-editor.default\">\n\t\t\t\t<div class=\"elementor-widget-container\">\n\t\t\t\t\t\t\t\t\t<p data-pm-slice=\"1 1 []\"><strong>Wer sind Wir<\/strong><\/p><p>Website: <a>https:\/\/kinderparadise.hu<\/a>.<br \/>Email: kinderparadise@kinderparadise.hu<\/p><p><strong>Welche pers\u00f6nlichen Daten wir sammeln und warum<\/strong><\/p><p><strong>Kommentar<\/strong><\/p><p>Wenn Sie einen Kommentar hinterlassen, sammeln wir die Informationen, die Sie im Kommentarformular angeben, Ihre IP-Adresse und Browserinformationen, um unerw\u00fcnschte Inhalte herauszufiltern.<\/p><p>Eine anonyme Zeichenfolge (Hash), die aus Ihrer E-Mail-Adresse generiert wird, kann zur \u00dcberpr\u00fcfung an Gravatar \u00fcbermittelt werden. Die Datenschutzrichtlinien von Gravatar finden Sie hier: <a href=\"https:\/\/automattic.com\/privacy\/\">https:\/\/automattic.com\/privacy\/<\/a>. Nachdem Sie einen Beitrag genehmigt haben, wird Ihr Profilbild \u00f6ffentlich sichtbar.<\/p><p><strong>Media<\/strong><\/p><p>Vermeiden Sie das Hochladen von Bildern, die Standortdaten (EXIF-GPS) enthalten. Diese k\u00f6nnen von anderen Besuchern heruntergeladen und extrahiert werden.<\/p><p><strong>Cookies<\/strong><\/p><p>Sie k\u00f6nnen Ihren Namen, Ihre E-Mail-Adresse und Ihre Website-Adresse in Cookies speichern, wenn Sie einen Beitrag schreiben. Diese sind ein Jahr lang g\u00fcltig.<\/p><p>Wir setzen ein tempor\u00e4res Cookie auf der Anmeldeseite, um die Akzeptanz des Browsers zu \u00fcberpr\u00fcfen. Dieser enth\u00e4lt keine pers\u00f6nlichen Daten und wird gel\u00f6scht, wenn Sie die Seite schlie\u00dfen.<\/p><p>Wenn Sie sich anmelden, speichern Cookies Ihre Anmeldedaten und Anzeigeeinstellungen. Anmelde-Cookies werden 2 Tage lang gespeichert, Anzeigeeinstellungen 1 Jahr lang. Wenn Sie \u201eRemember me\u201c ausw\u00e4hlen, werden sie zwei Wochen lang gespeichert.<\/p><p>Wenn Sie einen Artikel bearbeiten, speichern wir ein zus\u00e4tzliches Cookie, das nach einem Tag abl\u00e4uft.<\/p><p><strong>Eingebetteter Inhalt<\/strong><\/p><p>Eingebettete Inhalte (z. B. Videos, Bilder) verhalten sich so, als ob Sie die urspr\u00fcngliche Website des Inhalts besuchen w\u00fcrden, k\u00f6nnen Daten sammeln und Cookies verwenden.<\/p><p><strong>Mit wem wir Ihre Daten teilen<\/strong><\/p><p>Kommentare k\u00f6nnen \u00fcber einen automatischen Spam-Kontrolldienst \u00fcberpr\u00fcft werden.<\/p><p><strong>Wie lange wir Ihre Daten aufbewahren<\/strong><\/p><p>Kommentare und Metadaten werden auf unbestimmte Zeit gespeichert.<\/p><p>Registrierte Nutzer k\u00f6nnen ihre pers\u00f6nlichen Daten jederzeit einsehen, \u00e4ndern oder l\u00f6schen, mit Ausnahme ihres Benutzernamens. Administratoren k\u00f6nnen sie auch verwalten.<\/p><p><strong>Ihre Rechte an den Daten<\/strong><\/p><p>Sie k\u00f6nnen den Export oder die L\u00f6schung Ihrer Daten beantragen, mit Ausnahme von Daten, die aus administrativen, rechtlichen oder Sicherheitsgr\u00fcnden aufbewahrt werden m\u00fcssen.<\/p><p><strong>Wie wir Ihre Daten sch\u00fctzen<\/strong><\/p><p>Wir treffen technische und organisatorische Ma\u00dfnahmen, um die Sicherheit Ihrer Daten zu gew\u00e4hrleisten.<\/p><p><strong>Im Falle eines Datenlecks<\/strong><\/p><p>Im Falle eines Datenlecks werden die betroffenen Personen und die Beh\u00f6rden benachrichtigt.<\/p><hr \/><p>\u00a0<\/p>\t\t\t\t\t\t\t\t<\/div>\n\t\t\t\t<\/div>\n\t\t\t\t\t<\/div>\n\t\t<\/div>\n\t\t\t\t\t<\/div>\n\t\t<\/section>\n\t\t\t\t<\/div>","protected":false},"excerpt":{"rendered":"<p>Kik vagyunk Weboldalunk c\u00edme: https:\/\/kinderparadise.hu.E-mail-c\u00edm: kinderparadise@kinderparadise.hu Milyen szem\u00e9lyes adatokat gy\u0171jt\u00fcnk \u00e9s mi\u00e9rt Hozz\u00e1sz\u00f3l\u00e1sok Amikor hozz\u00e1sz\u00f3l\u00e1st hagysz, begy\u0171jtj\u00fck a hozz\u00e1sz\u00f3l\u00e1s \u0171rlapon megadott adatokat, IP-c\u00edmedet \u00e9s b\u00f6ng\u00e9sz\u0151d adatait, hogy kisz\u0171rj\u00fck a k\u00e9retlen tartalmakat. Egy anonim karakterl\u00e1ncot (hash), amely az email c\u00edmedb\u0151l gener\u00e1l\u00f3dik, \u00e1tadhatunk a Gravatarnak ellen\u0151rz\u00e9s c\u00e9lj\u00e1b\u00f3l. A Gravatar adatv\u00e9delmi ir\u00e1nyelveit itt tal\u00e1lod: https:\/\/automattic.com\/privacy\/. Hozz\u00e1sz\u00f3l\u00e1s j\u00f3v\u00e1hagy\u00e1sa ut\u00e1n [&hellip;]<\/p>","protected":false},"author":1,"featured_media":0,"parent":0,"menu_order":0,"comment_status":"closed","ping_status":"open","template":"elementor_header_footer","meta":{"ocean_post_layout":"","ocean_both_sidebars_style":"","ocean_both_sidebars_content_width":0,"ocean_both_sidebars_sidebars_width":0,"ocean_sidebar":"0","ocean_second_sidebar":"0","ocean_disable_margins":"enable","ocean_add_body_class":"","ocean_shortcode_before_top_bar":"","ocean_shortcode_after_top_bar":"","ocean_shortcode_before_header":"","ocean_shortcode_after_header":"","ocean_has_shortcode":"","ocean_shortcode_after_title":"","ocean_shortcode_before_footer_widgets":"","ocean_shortcode_after_footer_widgets":"","ocean_shortcode_before_footer_bottom":"","ocean_shortcode_after_footer_bottom":"","ocean_display_top_bar":"default","ocean_display_header":"default","ocean_header_style":"","ocean_center_header_left_menu":"0","ocean_custom_header_template":"0","ocean_custom_logo":0,"ocean_custom_retina_logo":0,"ocean_custom_logo_max_width":0,"ocean_custom_logo_tablet_max_width":0,"ocean_custom_logo_mobile_max_width":0,"ocean_custom_logo_max_height":0,"ocean_custom_logo_tablet_max_height":0,"ocean_custom_logo_mobile_max_height":0,"ocean_header_custom_menu":"5","ocean_menu_typo_font_family":"0","ocean_menu_typo_font_subset":"","ocean_menu_typo_font_size":0,"ocean_menu_typo_font_size_tablet":0,"ocean_menu_typo_font_size_mobile":0,"ocean_menu_typo_font_size_unit":"px","ocean_menu_typo_font_weight":"","ocean_menu_typo_font_weight_tablet":"","ocean_menu_typo_font_weight_mobile":"","ocean_menu_typo_transform":"","ocean_menu_typo_transform_tablet":"","ocean_menu_typo_transform_mobile":"","ocean_menu_typo_line_height":0,"ocean_menu_typo_line_height_tablet":0,"ocean_menu_typo_line_height_mobile":0,"ocean_menu_typo_line_height_unit":"","ocean_menu_typo_spacing":0,"ocean_menu_typo_spacing_tablet":0,"ocean_menu_typo_spacing_mobile":0,"ocean_menu_typo_spacing_unit":"","ocean_menu_link_color":"","ocean_menu_link_color_hover":"","ocean_menu_link_color_active":"","ocean_menu_link_background":"","ocean_menu_link_hover_background":"","ocean_menu_link_active_background":"","ocean_menu_social_links_bg":"","ocean_menu_social_hover_links_bg":"","ocean_menu_social_links_color":"","ocean_menu_social_hover_links_color":"","ocean_disable_title":"default","ocean_disable_heading":"default","ocean_post_title":"","ocean_post_subheading":"","ocean_post_title_style":"","ocean_post_title_background_color":"","ocean_post_title_background":0,"ocean_post_title_bg_image_position":"","ocean_post_title_bg_image_attachment":"","ocean_post_title_bg_image_repeat":"","ocean_post_title_bg_image_size":"","ocean_post_title_height":0,"ocean_post_title_bg_overlay":0.5,"ocean_post_title_bg_overlay_color":"","ocean_disable_breadcrumbs":"default","ocean_breadcrumbs_color":"","ocean_breadcrumbs_separator_color":"","ocean_breadcrumbs_links_color":"","ocean_breadcrumbs_links_hover_color":"","ocean_display_footer_widgets":"default","ocean_display_footer_bottom":"default","ocean_custom_footer_template":"0","footnotes":""},"class_list":["post-3","page","type-page","status-publish","hentry","entry"],"aioseo_notices":[],"_links":{"self":[{"href":"https:\/\/kinderparadise.hu\/de\/wp-json\/wp\/v2\/pages\/3","targetHints":{"allow":["GET"]}}],"collection":[{"href":"https:\/\/kinderparadise.hu\/de\/wp-json\/wp\/v2\/pages"}],"about":[{"href":"https:\/\/kinderparadise.hu\/de\/wp-json\/wp\/v2\/types\/page"}],"author":[{"embeddable":true,"href":"https:\/\/kinderparadise.hu\/de\/wp-json\/wp\/v2\/users\/1"}],"replies":[{"embeddable":true,"href":"https:\/\/kinderparadise.hu\/de\/wp-json\/wp\/v2\/comments?post=3"}],"version-history":[{"count":17,"href":"https:\/\/kinderparadise.hu\/de\/wp-json\/wp\/v2\/pages\/3\/revisions"}],"predecessor-version":[{"id":499,"href":"https:\/\/kinderparadise.hu\/de\/wp-json\/wp\/v2\/pages\/3\/revisions\/499"}],"wp:attachment":[{"href":"https:\/\/kinderparadise.hu\/de\/wp-json\/wp\/v2\/media?parent=3"}],"curies":[{"name":"wp","href":"https:\/\/api.w.org\/{rel}","templated":true}]}}